{"id":41,"date":"2025-02-05T11:42:16","date_gmt":"2025-02-05T11:42:16","guid":{"rendered":"https:\/\/jmpasesoria.es\/?page_id=41"},"modified":"2025-04-09T09:48:19","modified_gmt":"2025-04-09T09:48:19","slug":"servicios","status":"publish","type":"page","link":"https:\/\/jmpasesoria.es\/en\/servicios\/","title":{"rendered":"Servicios"},"content":{"rendered":"<p>[et_pb_section fb_built=\u00bb1&#8243; admin_label=\u00bbHeader\u00bb _builder_version=\u00bb4.20.0&#8243; _module_preset=\u00bbdefault\u00bb use_background_color_gradient=\u00bbon\u00bb background_color_gradient_stops=\u00bbrgba(31,35,44,0.7) 0%|gcid-9fa4a1b6-767d-41ca-984c-a6f10449c843 100%\u00bb background_color_gradient_overlays_image=\u00bbon\u00bb background_image=\u00bbhttps:\/\/jmpasesoria.es\/wp-content\/uploads\/2025\/02\/attorney-20.jpg\u00bb background_position=\u00bbtop_center\u00bb custom_padding=\u00bb||||false|false\u00bb locked=\u00bboff\u00bb collapsed=\u00bbon\u00bb global_colors_info=\u00bb{%22gcid-9fa4a1b6-767d-41ca-984c-a6f10449c843%22:%91%22background_color_gradient_stops%22%93}\u00bb][et_pb_row _builder_version=\u00bb4.20.0&#8243; _module_preset=\u00bbdefault\u00bb global_colors_info=\u00bb{}\u00bb][et_pb_column type=\u00bb4_4&#8243; _builder_version=\u00bb4.20.0&#8243; _module_preset=\u00bbdefault\u00bb global_colors_info=\u00bb{}\u00bb][et_pb_text _builder_version=\u00bb4.27.4&#8243; _module_preset=\u00bb386d4a60-3abb-4864-b92e-2ade9db21c61&#8243; header_4_text_color=\u00bb#E0DAD2&#8243; text_orientation=\u00bbcenter\u00bb custom_margin=\u00bb||10px||false|false\u00bb global_colors_info=\u00bb{}\u00bb]<\/p>\n<h4>LO QUE PODEMOS HACER POR TI<\/h4>\n<p>[\/et_pb_text][et_pb_image src=\u00bbhttps:\/\/jmpasesoria.es\/wp-content\/uploads\/2025\/02\/attorney-1.png\u00bb title_text=\u00bbattorney-1&#8243; _builder_version=\u00bb4.20.0&#8243; _module_preset=\u00bbdefault\u00bb max_width=\u00bb130px\u00bb module_alignment=\u00bbcenter\u00bb global_colors_info=\u00bb{}\u00bb][\/et_pb_image][et_pb_text _builder_version=\u00bb4.27.4&#8243; _module_preset=\u00bb52bf46ea-a948-4894-a666-edaac76517f8&#8243; header_text_color=\u00bbgcid-11d3dbbb-f6dc-4fb8-929b-9d6994368d00&#8243; text_orientation=\u00bbcenter\u00bb global_colors_info=\u00bb{%22gcid-11d3dbbb-f6dc-4fb8-929b-9d6994368d00%22:%91%22header_text_color%22%93}\u00bb]<\/p>\n<h1>NUESTROS SERVICIOS<\/h1>\n<p>[\/et_pb_text][\/et_pb_column][\/et_pb_row][\/et_pb_section][et_pb_section fb_built=\u00bb1&#8243; admin_label=\u00bbServices\u00bb _builder_version=\u00bb4.20.0&#8243; _module_preset=\u00bbdefault\u00bb background_color=\u00bbgcid-9fa4a1b6-767d-41ca-984c-a6f10449c843&#8243; collapsed=\u00bbon\u00bb global_colors_info=\u00bb{%22gcid-9fa4a1b6-767d-41ca-984c-a6f10449c843%22:%91%22background_color%22%93}\u00bb][et_pb_row column_structure=\u00bb1_2,1_2&#8243; make_equal=\u00bbon\u00bb _builder_version=\u00bb4.20.0&#8243; _module_preset=\u00bbdefault\u00bb locked=\u00bboff\u00bb global_colors_info=\u00bb{}\u00bb][et_pb_column type=\u00bb1_2&#8243; _builder_version=\u00bb4.20.0&#8243; _module_preset=\u00bbdefault\u00bb use_background_color_gradient=\u00bbon\u00bb background_color_gradient_stops=\u00bbrgba(73,81,100,0.9) 0%|rgba(73,81,100,0.9) 100%\u00bb background_color_gradient_overlays_image=\u00bbon\u00bb background_image=\u00bbhttps:\/\/jmpasesoria.es\/wp-content\/uploads\/2025\/02\/paper-texture.jpg\u00bb custom_padding=\u00bb60px|30px|60px|30px|true|true\u00bb custom_padding_tablet=\u00bb40px||40px||true|false\u00bb custom_padding_phone=\u00bb30px|20px|30px|20px|true|true\u00bb custom_padding_last_edited=\u00bbon|desktop\u00bb global_colors_info=\u00bb{}\u00bb][et_pb_image src=\u00bbhttps:\/\/jmpasesoria.es\/wp-content\/uploads\/2025\/02\/attorney-1.png\u00bb title_text=\u00bbattorney-1&#8243; _builder_version=\u00bb4.20.0&#8243; _module_preset=\u00bbdefault\u00bb max_width=\u00bb130px\u00bb module_alignment=\u00bbcenter\u00bb global_colors_info=\u00bb{}\u00bb][\/et_pb_image][et_pb_text _builder_version=\u00bb4.27.4&#8243; _module_preset=\u00bbdfcc91ac-4cd8-4f3d-99c3-2b7d23358dfa\u00bb header_3_text_color=\u00bb#FFFFFF\u00bb text_orientation=\u00bbcenter\u00bb global_colors_info=\u00bb{}\u00bb]<\/p>\n<h3><strong>Asesoramiento Fiscal<\/strong><\/h3>\n<p>&nbsp;<\/p>\n<p>[\/et_pb_text][et_pb_text _builder_version=\u00bb4.27.4&#8243; _module_preset=\u00bb1008dddc-f693-4004-9b56-12647ba71d21&#8243; text_text_color=\u00bb#FFFFFF\u00bb text_orientation=\u00bbcenter\u00bb global_colors_info=\u00bb{}\u00bb]<\/p>\n<p style=\"text-align: justify;\">La correcta planificaci\u00f3n fiscal es clave para optimizar los recursos de tu negocio y evitar riesgos innecesarios.<\/p>\n<p style=\"text-align: justify;\">Nuestro servicio de asesoramiento fiscal est\u00e1 dise\u00f1ado para garantizar el cumplimiento normativo, optimizar la carga tributaria y proporcionar soluciones estrat\u00e9gicas adaptadas a cada empresa o aut\u00f3nomo.<\/p>\n<p style=\"text-align: justify;\"><strong>Nuestros servicios incluyen:<\/strong><br \/>\u2714 Elaboraci\u00f3n y presentaci\u00f3n de impuestos (IVA, IRPF&#8230;).<br \/>\u2714 Planificaci\u00f3n fiscal y optimizaci\u00f3n de carga tributaria.<br \/>\u2714 Representaci\u00f3n ante la Agencia Tributaria.<br \/>\u2714 Gesti\u00f3n de inspecciones y requerimientos fiscales.<br \/>\u2714 An\u00e1lisis y optimizaci\u00f3n de incentivos fiscales.<\/p>\n<p style=\"text-align: justify;\">Nos aseguramos de que est\u00e9s siempre al d\u00eda con tus obligaciones fiscales, minimizando riesgos y maximizando beneficios.<\/p>\n<p>[\/et_pb_text][et_pb_button button_alignment=\u00bbcenter\u00bb _builder_version=\u00bb4.27.4&#8243; _module_preset=\u00bb0a99a350-c7cd-4c03-b3f8-70f8c9d8db97&#8243; global_colors_info=\u00bb{}\u00bb][\/et_pb_button][\/et_pb_column][et_pb_column type=\u00bb1_2&#8243; _builder_version=\u00bb4.20.0&#8243; _module_preset=\u00bbdefault\u00bb use_background_color_gradient=\u00bbon\u00bb background_color_gradient_stops=\u00bbrgba(202,182,161,0.9) 0%|rgba(202,182,161,0.9) 100%\u00bb background_color_gradient_overlays_image=\u00bbon\u00bb background_image=\u00bbhttps:\/\/jmpasesoria.es\/wp-content\/uploads\/2025\/02\/paper-texture.jpg\u00bb custom_padding=\u00bb60px|30px|60px|30px|true|true\u00bb custom_padding_tablet=\u00bb40px||40px||true|false\u00bb custom_padding_phone=\u00bb30px|20px|30px|20px|true|true\u00bb custom_padding_last_edited=\u00bbon|desktop\u00bb global_colors_info=\u00bb{}\u00bb][et_pb_image src=\u00bbhttps:\/\/jmpasesoria.es\/wp-content\/uploads\/2025\/02\/attorney-2.png\u00bb title_text=\u00bbattorney-2&#8243; _builder_version=\u00bb4.20.0&#8243; _module_preset=\u00bbdefault\u00bb max_width=\u00bb130px\u00bb module_alignment=\u00bbcenter\u00bb global_colors_info=\u00bb{}\u00bb][\/et_pb_image][et_pb_text _builder_version=\u00bb4.27.4&#8243; _module_preset=\u00bbdfcc91ac-4cd8-4f3d-99c3-2b7d23358dfa\u00bb text_orientation=\u00bbcenter\u00bb global_colors_info=\u00bb{}\u00bb]<\/p>\n<h3><strong>Gesti\u00f3n Contable<\/strong><\/h3>\n<p>&nbsp;<\/p>\n<p>[\/et_pb_text][et_pb_text _builder_version=\u00bb4.27.4&#8243; _module_preset=\u00bb1008dddc-f693-4004-9b56-12647ba71d21&#8243; text_text_color=\u00bb#000000&#8243; text_orientation=\u00bbcenter\u00bb global_colors_info=\u00bb{}\u00bb]<\/p>\n<p style=\"text-align: justify;\">Una contabilidad bien gestionada es la base de una empresa s\u00f3lida y rentable. Nuestro equipo de expertos te proporciona un servicio contable completo para que tengas el control financiero de tu negocio con total seguridad y precisi\u00f3n.<\/p>\n<p style=\"text-align: justify;\"><strong>Nuestros servicios incluyen:<\/strong><br \/>\u2714 Contabilidad financiera y anal\u00edtica adaptada a cada tipo de empresa.<br \/>\u2714 Elaboraci\u00f3n de libros contables y cuentas anuales.<br \/>\u2714 Gesti\u00f3n de balances y estados financieros.<br \/>\u2714 An\u00e1lisis contable para la toma de decisiones estrat\u00e9gicas.<br \/>\u2714 Control de tesorer\u00eda y flujos de caja.<br \/>\u2714 Adaptaci\u00f3n a la normativa contable vigente.<\/p>\n<p style=\"text-align: justify;\">Gracias a nuestro servicio, podr\u00e1s tomar decisiones informadas y estrat\u00e9gicas para el crecimiento de tu negocio.<\/p>\n<p>[\/et_pb_text][\/et_pb_column][\/et_pb_row][et_pb_row column_structure=\u00bb1_2,1_2&#8243; make_equal=\u00bbon\u00bb _builder_version=\u00bb4.20.0&#8243; _module_preset=\u00bbdefault\u00bb locked=\u00bboff\u00bb global_colors_info=\u00bb{}\u00bb][et_pb_column type=\u00bb1_2&#8243; _builder_version=\u00bb4.20.0&#8243; _module_preset=\u00bbdefault\u00bb use_background_color_gradient=\u00bbon\u00bb background_color_gradient_stops=\u00bbrgba(153,148,132,0.9) 0%|rgba(153,148,132,0.9) 100%\u00bb background_color_gradient_overlays_image=\u00bbon\u00bb background_image=\u00bbhttps:\/\/jmpasesoria.es\/wp-content\/uploads\/2025\/02\/paper-texture.jpg\u00bb custom_padding=\u00bb60px|30px|60px|30px|true|true\u00bb custom_padding_tablet=\u00bb40px||40px||true|false\u00bb custom_padding_phone=\u00bb30px|20px|30px|20px|true|true\u00bb custom_padding_last_edited=\u00bbon|desktop\u00bb global_colors_info=\u00bb{}\u00bb][et_pb_image src=\u00bbhttps:\/\/jmpasesoria.es\/wp-content\/uploads\/2025\/02\/attorney-3.png\u00bb title_text=\u00bbattorney-3&#8243; _builder_version=\u00bb4.20.0&#8243; _module_preset=\u00bbdefault\u00bb max_width=\u00bb130px\u00bb module_alignment=\u00bbcenter\u00bb global_colors_info=\u00bb{}\u00bb][\/et_pb_image][et_pb_text _builder_version=\u00bb4.27.4&#8243; _module_preset=\u00bbdfcc91ac-4cd8-4f3d-99c3-2b7d23358dfa\u00bb header_3_text_color=\u00bb#FFFFFF\u00bb text_orientation=\u00bbcenter\u00bb global_colors_info=\u00bb{}\u00bb]<\/p>\n<h3><strong>Asesoramiento Laboral<\/strong><\/h3>\n<p>&nbsp;<\/p>\n<p>[\/et_pb_text][et_pb_text _builder_version=\u00bb4.27.4&#8243; _module_preset=\u00bb1008dddc-f693-4004-9b56-12647ba71d21&#8243; text_text_color=\u00bb#FFFFFF\u00bb text_orientation=\u00bbcenter\u00bb global_colors_info=\u00bb{}\u00bb]<\/p>\n<p style=\"text-align: justify;\">Gestionar el \u00e1rea laboral de una empresa puede ser complejo y requiere conocimientos actualizados sobre normativa y derechos laborales. Nuestro servicio de asesoramiento laboral te permite cumplir con la legalidad y optimizar la gesti\u00f3n de tu equipo de trabajo.<\/p>\n<p style=\"text-align: justify;\"><strong>Nuestros servicios incluyen:<\/strong><br \/>\u2714 Contrataci\u00f3n, gesti\u00f3n y finalizaci\u00f3n de relaciones laborales.<br \/>\u2714 Elaboraci\u00f3n de n\u00f3minas y seguros sociales.<br \/>\u2714 Asesoramiento en convenios colectivos y normativa laboral.<br \/>\u2714 Tramitaci\u00f3n de altas, bajas y modificaciones en la Seguridad Social.<br \/>\u2714 Gesti\u00f3n de despidos, ERTEs y reestructuraciones de plantilla.<br \/>\u2714 Inspecciones laborales y defensa ante organismos oficiales.<\/p>\n<p style=\"text-align: justify;\">Con nuestra asesor\u00eda, contar\u00e1s con una gesti\u00f3n laboral eficiente y segura para evitar posibles sanciones y conflictos.<\/p>\n<p>[\/et_pb_text][\/et_pb_column][et_pb_column type=\u00bb1_2&#8243; _builder_version=\u00bb4.20.0&#8243; _module_preset=\u00bbdefault\u00bb use_background_color_gradient=\u00bbon\u00bb background_color_gradient_stops=\u00bbrgba(205,205,205,0.9) 0%|rgba(205,205,205,0.9) 100%\u00bb background_color_gradient_overlays_image=\u00bbon\u00bb background_image=\u00bbhttps:\/\/jmpasesoria.es\/wp-content\/uploads\/2025\/02\/paper-texture.jpg\u00bb custom_padding=\u00bb60px|30px|60px|30px|true|true\u00bb custom_padding_tablet=\u00bb40px||40px||true|false\u00bb custom_padding_phone=\u00bb30px|20px|30px|20px|true|true\u00bb custom_padding_last_edited=\u00bbon|desktop\u00bb global_colors_info=\u00bb{}\u00bb][et_pb_image src=\u00bbhttps:\/\/jmpasesoria.es\/wp-content\/uploads\/2025\/02\/attorney-2.png\u00bb title_text=\u00bbattorney-2&#8243; _builder_version=\u00bb4.20.0&#8243; _module_preset=\u00bbdefault\u00bb max_width=\u00bb130px\u00bb module_alignment=\u00bbcenter\u00bb global_colors_info=\u00bb{}\u00bb][\/et_pb_image][et_pb_text _builder_version=\u00bb4.27.4&#8243; _module_preset=\u00bbdfcc91ac-4cd8-4f3d-99c3-2b7d23358dfa\u00bb text_orientation=\u00bbcenter\u00bb global_colors_info=\u00bb{}\u00bb]<\/p>\n<h3><strong>Gesti\u00f3n Mercantil<\/strong><\/h3>\n<p>&nbsp;<\/p>\n<p>[\/et_pb_text][et_pb_text _builder_version=\u00bb4.27.4&#8243; _module_preset=\u00bb1008dddc-f693-4004-9b56-12647ba71d21&#8243; text_text_color=\u00bb#000000&#8243; text_orientation=\u00bbcenter\u00bb global_colors_info=\u00bb{}\u00bb]<\/p>\n<p style=\"text-align: justify;\">Desde la constituci\u00f3n de una empresa hasta su reestructuraci\u00f3n o disoluci\u00f3n, ofrecemos un servicio integral de gesti\u00f3n mercantil para garantizar el cumplimiento de todas las obligaciones legales y facilitar el crecimiento del negocio.<\/p>\n<p style=\"text-align: justify;\"><strong>Nuestros servicios incluyen:<\/strong><br \/>\u2714 Constituci\u00f3n de sociedades y alta de aut\u00f3nomos.<br \/>\u2714 Modificaciones estatutarias y ampliaciones de capital.<br \/>\u2714 Fusiones, adquisiciones y disoluciones de empresas.<br \/>\u2714 Redacci\u00f3n y actualizaci\u00f3n de estatutos sociales.<br \/>\u2714 Legalizaci\u00f3n de libros contables y cuentas anuales.<br \/>\u2714 Asesoramiento en contratos mercantiles y operaciones empresariales.<\/p>\n<p style=\"text-align: justify;\">Nos ocupamos de todos los tr\u00e1mites administrativos y jur\u00eddicos para que tu empresa opere con seguridad y eficiencia.<\/p>\n<p>[\/et_pb_text][\/et_pb_column][\/et_pb_row][et_pb_row make_equal=\u00bbon\u00bb _builder_version=\u00bb4.20.0&#8243; _module_preset=\u00bbdefault\u00bb locked=\u00bboff\u00bb global_colors_info=\u00bb{}\u00bb][et_pb_column type=\u00bb4_4&#8243; _builder_version=\u00bb4.20.0&#8243; _module_preset=\u00bbdefault\u00bb use_background_color_gradient=\u00bbon\u00bb background_color_gradient_stops=\u00bbrgba(30,35,43,0.9) 0%|rgba(30,35,43,0.9) 100%\u00bb background_color_gradient_overlays_image=\u00bbon\u00bb background_image=\u00bbhttps:\/\/jmpasesoria.es\/wp-content\/uploads\/2025\/02\/paper-texture.jpg\u00bb custom_padding=\u00bb60px|30px|60px|30px|true|true\u00bb custom_padding_tablet=\u00bb40px||40px||true|false\u00bb custom_padding_phone=\u00bb30px|20px|30px|20px|true|true\u00bb custom_padding_last_edited=\u00bbon|desktop\u00bb global_colors_info=\u00bb{}\u00bb][et_pb_image src=\u00bbhttps:\/\/jmpasesoria.es\/wp-content\/uploads\/2025\/02\/attorney-1.png\u00bb title_text=\u00bbattorney-1&#8243; _builder_version=\u00bb4.20.0&#8243; _module_preset=\u00bbdefault\u00bb max_width=\u00bb130px\u00bb module_alignment=\u00bbcenter\u00bb global_colors_info=\u00bb{}\u00bb][\/et_pb_image][et_pb_text _builder_version=\u00bb4.27.4&#8243; _module_preset=\u00bbdfcc91ac-4cd8-4f3d-99c3-2b7d23358dfa\u00bb header_3_text_color=\u00bb#FFFFFF\u00bb text_orientation=\u00bbcenter\u00bb global_colors_info=\u00bb{}\u00bb]<\/p>\n<h3><strong>Asesoramiento Civil<\/strong><\/h3>\n<p>&nbsp;<\/p>\n<p>[\/et_pb_text][et_pb_text _builder_version=\u00bb4.27.4&#8243; _module_preset=\u00bb1008dddc-f693-4004-9b56-12647ba71d21&#8243; text_text_color=\u00bb#FFFFFF\u00bb text_orientation=\u00bbcenter\u00bb global_colors_info=\u00bb{}\u00bb]<\/p>\n<p style=\"text-align: justify;\">Las relaciones jur\u00eddicas entre particulares y empresas requieren un respaldo legal especializado. Nuestro equipo de expertos te asesora en diversas \u00e1reas del derecho civil para proteger tus intereses y garantizar la mejor soluci\u00f3n a cada caso.<\/p>\n<p style=\"text-align: justify;\"><strong>Nuestros servicios incluyen:<\/strong><br \/>\u2714 Redacci\u00f3n y revisi\u00f3n de contratos civiles.<br \/>\u2714 Gesti\u00f3n de herencias, sucesiones y testamentos.<br \/>\u2714 Reclamaciones de deudas y procedimientos monitorios.<br \/>\u2714 Asesoramiento en compraventa y arrendamientos de inmuebles.<br \/>\u2714 Defensa en procedimientos civiles y mediaci\u00f3n de conflictos.<br \/>\u2714 Protecci\u00f3n de derechos y obligaciones en relaciones privadas.<\/p>\n<p style=\"text-align: justify;\">Te proporcionamos un servicio cercano y profesional para que tomes decisiones con total confianza.<\/p>\n<p>[\/et_pb_text][\/et_pb_column][\/et_pb_row][\/et_pb_section][et_pb_section fb_built=\u00bb1&#8243; admin_label=\u00bbContact Form\u00bb _builder_version=\u00bb4.20.0&#8243; _module_preset=\u00bbdefault\u00bb background_color=\u00bbgcid-2f3f3e09-0a26-4ea7-8906-5e1128945e3f\u00bb collapsed=\u00bbon\u00bb global_colors_info=\u00bb{%22gcid-2f3f3e09-0a26-4ea7-8906-5e1128945e3f%22:%91%22background_color%22%93}\u00bb][et_pb_row _builder_version=\u00bb4.20.0&#8243; _module_preset=\u00bbdefault\u00bb global_colors_info=\u00bb{}\u00bb][et_pb_column type=\u00bb4_4&#8243; _builder_version=\u00bb4.20.0&#8243; _module_preset=\u00bbdefault\u00bb global_colors_info=\u00bb{}\u00bb][et_pb_text _builder_version=\u00bb4.27.4&#8243; _module_preset=\u00bbd469a35f-35b3-4dd1-9363-2bba3e501796&#8243; header_2_text_color=\u00bb#000000&#8243; text_orientation=\u00bbcenter\u00bb global_colors_info=\u00bb{}\u00bb]<\/p>\n<h2>CONTACTA CON NOSOTROS<\/h2>\n<p>[\/et_pb_text][et_pb_contact_form captcha=\u00bboff\u00bb _builder_version=\u00bb4.27.4&#8243; _module_preset=\u00bb25a8ef52-0710-4576-9673-68013112db57&#8243; locked=\u00bboff\u00bb global_colors_info=\u00bb{}\u00bb][et_pb_contact_field field_id=\u00bbName\u00bb field_title=\u00bbNombre\u00bb fullwidth_field=\u00bbon\u00bb _builder_version=\u00bb4.27.4&#8243; _module_preset=\u00bbdefault\u00bb global_colors_info=\u00bb{}\u00bb button_text_size__hover_enabled=\u00bboff\u00bb button_one_text_size__hover_enabled=\u00bboff\u00bb button_two_text_size__hover_enabled=\u00bboff\u00bb button_text_color__hover_enabled=\u00bboff\u00bb button_one_text_color__hover_enabled=\u00bboff\u00bb button_two_text_color__hover_enabled=\u00bboff\u00bb button_border_width__hover_enabled=\u00bboff\u00bb button_one_border_width__hover_enabled=\u00bboff\u00bb button_two_border_width__hover_enabled=\u00bboff\u00bb button_border_color__hover_enabled=\u00bboff\u00bb button_one_border_color__hover_enabled=\u00bboff\u00bb button_two_border_color__hover_enabled=\u00bboff\u00bb button_border_radius__hover_enabled=\u00bboff\u00bb button_one_border_radius__hover_enabled=\u00bboff\u00bb button_two_border_radius__hover_enabled=\u00bboff\u00bb button_letter_spacing__hover_enabled=\u00bboff\u00bb button_one_letter_spacing__hover_enabled=\u00bboff\u00bb button_two_letter_spacing__hover_enabled=\u00bboff\u00bb button_bg_color__hover_enabled=\u00bboff\u00bb button_one_bg_color__hover_enabled=\u00bboff\u00bb button_two_bg_color__hover_enabled=\u00bboff\u00bb][\/et_pb_contact_field][et_pb_contact_field field_id=\u00bbEmail\u00bb field_title=\u00bbEmail\u00bb field_type=\u00bbemail\u00bb fullwidth_field=\u00bbon\u00bb _builder_version=\u00bb4.27.4&#8243; _module_preset=\u00bbdefault\u00bb global_colors_info=\u00bb{}\u00bb button_text_size__hover_enabled=\u00bboff\u00bb button_one_text_size__hover_enabled=\u00bboff\u00bb button_two_text_size__hover_enabled=\u00bboff\u00bb button_text_color__hover_enabled=\u00bboff\u00bb button_one_text_color__hover_enabled=\u00bboff\u00bb button_two_text_color__hover_enabled=\u00bboff\u00bb button_border_width__hover_enabled=\u00bboff\u00bb button_one_border_width__hover_enabled=\u00bboff\u00bb button_two_border_width__hover_enabled=\u00bboff\u00bb button_border_color__hover_enabled=\u00bboff\u00bb button_one_border_color__hover_enabled=\u00bboff\u00bb button_two_border_color__hover_enabled=\u00bboff\u00bb button_border_radius__hover_enabled=\u00bboff\u00bb button_one_border_radius__hover_enabled=\u00bboff\u00bb button_two_border_radius__hover_enabled=\u00bboff\u00bb button_letter_spacing__hover_enabled=\u00bboff\u00bb button_one_letter_spacing__hover_enabled=\u00bboff\u00bb button_two_letter_spacing__hover_enabled=\u00bboff\u00bb button_bg_color__hover_enabled=\u00bboff\u00bb button_one_bg_color__hover_enabled=\u00bboff\u00bb button_two_bg_color__hover_enabled=\u00bboff\u00bb][\/et_pb_contact_field][et_pb_contact_field field_id=\u00bbMessage\u00bb field_title=\u00bbMensaje\u00bb field_type=\u00bbtext\u00bb fullwidth_field=\u00bbon\u00bb _builder_version=\u00bb4.27.4&#8243; _module_preset=\u00bbdefault\u00bb global_colors_info=\u00bb{}\u00bb button_text_size__hover_enabled=\u00bboff\u00bb button_one_text_size__hover_enabled=\u00bboff\u00bb button_two_text_size__hover_enabled=\u00bboff\u00bb button_text_color__hover_enabled=\u00bboff\u00bb button_one_text_color__hover_enabled=\u00bboff\u00bb button_two_text_color__hover_enabled=\u00bboff\u00bb button_border_width__hover_enabled=\u00bboff\u00bb button_one_border_width__hover_enabled=\u00bboff\u00bb button_two_border_width__hover_enabled=\u00bboff\u00bb button_border_color__hover_enabled=\u00bboff\u00bb button_one_border_color__hover_enabled=\u00bboff\u00bb button_two_border_color__hover_enabled=\u00bboff\u00bb button_border_radius__hover_enabled=\u00bboff\u00bb button_one_border_radius__hover_enabled=\u00bboff\u00bb button_two_border_radius__hover_enabled=\u00bboff\u00bb button_letter_spacing__hover_enabled=\u00bboff\u00bb button_one_letter_spacing__hover_enabled=\u00bboff\u00bb button_two_letter_spacing__hover_enabled=\u00bboff\u00bb button_bg_color__hover_enabled=\u00bboff\u00bb button_one_bg_color__hover_enabled=\u00bboff\u00bb button_two_bg_color__hover_enabled=\u00bboff\u00bb][\/et_pb_contact_field][\/et_pb_contact_form][\/et_pb_column][\/et_pb_row][\/et_pb_section][et_pb_section fb_built=\u00bb1&#8243; admin_label=\u00bbFooter\u00bb _builder_version=\u00bb4.20.0&#8243; _module_preset=\u00bbdefault\u00bb use_background_color_gradient=\u00bbon\u00bb background_color_gradient_stops=\u00bb#1e232b 0%|rgba(30,35,43,0.9) 100%\u00bb background_color_gradient_overlays_image=\u00bbon\u00bb background_image=\u00bbhttps:\/\/jmpasesoria.es\/wp-content\/uploads\/2025\/02\/paper-texture.jpg\u00bb saved_tabs=\u00bball\u00bb collapsed=\u00bbon\u00bb global_colors_info=\u00bb{}\u00bb][et_pb_row column_structure=\u00bb1_3,1_3,1_3&#8243; _builder_version=\u00bb4.20.0&#8243; _module_preset=\u00bbdefault\u00bb global_colors_info=\u00bb{}\u00bb][et_pb_column type=\u00bb1_3&#8243; _builder_version=\u00bb4.20.0&#8243; _module_preset=\u00bbdefault\u00bb global_colors_info=\u00bb{}\u00bb][et_pb_text _builder_version=\u00bb4.27.4&#8243; _module_preset=\u00bb8d6a3485-27cc-4678-89f2-01743ff13208&#8243; text_orientation=\u00bbcenter\u00bb global_colors_info=\u00bb{%22gcid-11d3dbbb-f6dc-4fb8-929b-9d6994368d00%22:%91%22header_4_text_color%22%93}\u00bb]<\/p>\n<h4>HORARIO DE ATENCI\u00d3N<\/h4>\n<p>[\/et_pb_text][et_pb_text _builder_version=\u00bb4.27.4&#8243; _module_preset=\u00bb1008dddc-f693-4004-9b56-12647ba71d21&#8243; text_text_color=\u00bb#FFFFFF\u00bb text_orientation=\u00bbcenter\u00bb custom_margin=\u00bb||10px||false|false\u00bb global_colors_info=\u00bb{}\u00bb]<\/p>\n<p>De Lunes a Viernes: De 09:00h a 14:30h<\/p>\n<p>[\/et_pb_text][\/et_pb_column][et_pb_column type=\u00bb1_3&#8243; _builder_version=\u00bb4.20.0&#8243; _module_preset=\u00bbdefault\u00bb global_colors_info=\u00bb{}\u00bb][\/et_pb_column][et_pb_column type=\u00bb1_3&#8243; _builder_version=\u00bb4.20.0&#8243; _module_preset=\u00bbdefault\u00bb global_colors_info=\u00bb{}\u00bb][et_pb_text _builder_version=\u00bb4.27.4&#8243; _module_preset=\u00bb8d6a3485-27cc-4678-89f2-01743ff13208&#8243; text_orientation=\u00bbcenter\u00bb locked=\u00bboff\u00bb global_colors_info=\u00bb{%22gcid-11d3dbbb-f6dc-4fb8-929b-9d6994368d00%22:%91%22header_4_text_color%22%93}\u00bb]<\/p>\n<h4>INFORMACI\u00d3N DE CONTACTO<\/h4>\n<p>[\/et_pb_text][et_pb_text _builder_version=\u00bb4.27.4&#8243; _module_preset=\u00bb1008dddc-f693-4004-9b56-12647ba71d21&#8243; text_text_color=\u00bb#FFFFFF\u00bb link_text_color=\u00bb#FFFFFF\u00bb text_orientation=\u00bbcenter\u00bb locked=\u00bboff\u00bb global_colors_info=\u00bb{}\u00bb]Correo electr\u00f3nico <a href=\"mailto:josemanuel@gaestri.es\" target=\"_blank\" rel=\"noopener noreferrer\">josemanuel@gaestri.es<\/a>[\/et_pb_text][et_pb_text _builder_version=\u00bb4.27.4&#8243; _module_preset=\u00bb1008dddc-f693-4004-9b56-12647ba71d21&#8243; text_text_color=\u00bb#FFFFFF\u00bb link_text_color=\u00bb#FFFFFF\u00bb text_orientation=\u00bbcenter\u00bb custom_margin=\u00bb||10px||false|false\u00bb hover_enabled=\u00bb0&#8243; locked=\u00bboff\u00bb global_colors_info=\u00bb{}\u00bb sticky_enabled=\u00bb0&#8243;]<\/p>\n<p><a href=\"tel:+34983240524\" target=\"_blank\" rel=\"noopener noreferrer\">Tel\u00e9fono: 983240524<\/a><\/p>\n<p>[\/et_pb_text][\/et_pb_column][\/et_pb_row][\/et_pb_section][et_pb_section fb_built=\u00bb1&#8243; fullwidth=\u00bbon\u00bb _builder_version=\u00bb4.27.4&#8243; _module_preset=\u00bbdefault\u00bb global_colors_info=\u00bb{}\u00bb][et_pb_fullwidth_image src=\u00bbhttps:\/\/jmpasesoria.es\/wp-content\/uploads\/2025\/03\/logos-estado.png\u00bb title_text=\u00bblogos-estado\u00bb _builder_version=\u00bb4.27.4&#8243; _module_preset=\u00bbdefault\u00bb global_colors_info=\u00bb{}\u00bb][\/et_pb_fullwidth_image][\/et_pb_section]<\/p>","protected":false},"excerpt":{"rendered":"<p>LO QUE PODEMOS HACER POR TINUESTROS SERVICIOSAsesoramiento Fiscal &nbsp;La correcta planificaci\u00f3n fiscal es clave para optimizar los recursos de tu negocio y evitar riesgos innecesarios. Nuestro servicio de asesoramiento fiscal est\u00e1 dise\u00f1ado para garantizar el cumplimiento normativo, optimizar la carga tributaria y proporcionar soluciones estrat\u00e9gicas adaptadas a cada empresa o aut\u00f3nomo. Nuestros servicios incluyen:\u2714 Elaboraci\u00f3n [&hellip;]<\/p>","protected":false},"author":1,"featured_media":0,"parent":0,"menu_order":0,"comment_status":"closed","ping_status":"closed","template":"","meta":{"_et_pb_use_builder":"on","_et_pb_old_content":"","_et_gb_content_width":"","footnotes":""},"class_list":["post-41","page","type-page","status-publish","hentry"],"_links":{"self":[{"href":"https:\/\/jmpasesoria.es\/en\/wp-json\/wp\/v2\/pages\/41","targetHints":{"allow":["GET"]}}],"collection":[{"href":"https:\/\/jmpasesoria.es\/en\/wp-json\/wp\/v2\/pages"}],"about":[{"href":"https:\/\/jmpasesoria.es\/en\/wp-json\/wp\/v2\/types\/page"}],"author":[{"embeddable":true,"href":"https:\/\/jmpasesoria.es\/en\/wp-json\/wp\/v2\/users\/1"}],"replies":[{"embeddable":true,"href":"https:\/\/jmpasesoria.es\/en\/wp-json\/wp\/v2\/comments?post=41"}],"version-history":[{"count":6,"href":"https:\/\/jmpasesoria.es\/en\/wp-json\/wp\/v2\/pages\/41\/revisions"}],"predecessor-version":[{"id":160,"href":"https:\/\/jmpasesoria.es\/en\/wp-json\/wp\/v2\/pages\/41\/revisions\/160"}],"wp:attachment":[{"href":"https:\/\/jmpasesoria.es\/en\/wp-json\/wp\/v2\/media?parent=41"}],"curies":[{"name":"wp","href":"https:\/\/api.w.org\/{rel}","templated":true}]}}