{"id":74,"date":"2025-02-14T12:24:20","date_gmt":"2025-02-14T12:24:20","guid":{"rendered":"https:\/\/jmpasesoria.es\/?page_id=74"},"modified":"2025-02-14T12:31:08","modified_gmt":"2025-02-14T12:31:08","slug":"politica-de-privacidad","status":"publish","type":"page","link":"https:\/\/jmpasesoria.es\/en\/politica-de-privacidad\/","title":{"rendered":"Pol\u00edtica de privacidad"},"content":{"rendered":"<p>[et_pb_section fb_built=\u00bb1&#8243; admin_label=\u00bbHeader\u00bb _builder_version=\u00bb4.20.0&#8243; _module_preset=\u00bbdefault\u00bb use_background_color_gradient=\u00bbon\u00bb background_color_gradient_stops=\u00bbrgba(31,35,44,0.7) 0%|gcid-9fa4a1b6-767d-41ca-984c-a6f10449c843 100%\u00bb background_color_gradient_overlays_image=\u00bbon\u00bb background_image=\u00bbhttps:\/\/jmpasesoria.es\/wp-content\/uploads\/2025\/02\/attorney-14.jpg\u00bb locked=\u00bboff\u00bb collapsed=\u00bbon\u00bb global_colors_info=\u00bb{%22gcid-9fa4a1b6-767d-41ca-984c-a6f10449c843%22:%91%22background_color_gradient_stops%22%93}\u00bb][et_pb_row _builder_version=\u00bb4.20.0&#8243; _module_preset=\u00bbdefault\u00bb global_colors_info=\u00bb{}\u00bb][et_pb_column type=\u00bb4_4&#8243; _builder_version=\u00bb4.20.0&#8243; _module_preset=\u00bbdefault\u00bb global_colors_info=\u00bb{}\u00bb][et_pb_text _builder_version=\u00bb4.27.4&#8243; _module_preset=\u00bbe635fd5f-81d9-42dc-a7fe-a4ac29c570cc\u00bb header_text_color=\u00bbgcid-11d3dbbb-f6dc-4fb8-929b-9d6994368d00&#8243; text_orientation=\u00bbcenter\u00bb hover_enabled=\u00bb0&#8243; global_colors_info=\u00bb{%22gcid-11d3dbbb-f6dc-4fb8-929b-9d6994368d00%22:%91%22header_text_color%22%93}\u00bb sticky_enabled=\u00bb0&#8243;]<\/p>\n<h1>Pol\u00edtica de privacidad<\/h1>\n<p>[\/et_pb_text][\/et_pb_column][\/et_pb_row][\/et_pb_section][et_pb_section fb_built=\u00bb1&#8243; _builder_version=\u00bb4.27.4&#8243; _module_preset=\u00bbdefault\u00bb global_colors_info=\u00bb{}\u00bb][et_pb_row _builder_version=\u00bb4.27.4&#8243; _module_preset=\u00bbdefault\u00bb global_colors_info=\u00bb{}\u00bb][et_pb_column type=\u00bb4_4&#8243; _builder_version=\u00bb4.27.4&#8243; _module_preset=\u00bbdefault\u00bb global_colors_info=\u00bb{}\u00bb][et_pb_text _builder_version=\u00bb4.27.4&#8243; _module_preset=\u00bbdefault\u00bb text_text_color=\u00bb#000000&#8243; text_orientation=\u00bbjustified\u00bb hover_enabled=\u00bb0&#8243; global_colors_info=\u00bb{}\u00bb sticky_enabled=\u00bb0&#8243;]<\/p>\n<h1 data-pm-slice=\"1 1 []\"><span>\ud83d\udd10 POL\u00cdTICA DE PRIVACIDAD<\/span><\/h1>\n<h2><span><\/span><\/h2>\n<h2><span><\/span><\/h2>\n<h2><span><\/span><\/h2>\n<h2><span><\/span><\/h2>\n<h2><span><\/span><\/h2>\n<h2><span>1. Responsable del tratamiento<\/span><\/h2>\n<p><span><strong>Nombre:<\/strong><\/span><span> Jos\u00e9 Manuel P\u00e9rez Alonso<\/span><br \/><span><strong>NIF:<\/strong><\/span><span> 09265607B<\/span><br \/><span><strong>Domicilio:<\/strong><\/span><span> [Direcci\u00f3n de la empresa]<\/span><br \/><span><strong>Correo electr\u00f3nico:<\/strong><\/span><span> [Correo electr\u00f3nico de contacto]<\/span><br \/><span><strong>Tel\u00e9fono de contacto:<\/strong><\/span><span> [N\u00famero de tel\u00e9fono]<\/span><br \/><span><strong>Web:<\/strong><\/span><span> <\/span><span><a disabled=\"disabled\">www.jmpasesoria.es<\/a><\/span><\/p>\n<h2><span><\/span><\/h2>\n<h2><span><\/span><\/h2>\n<h2><span><\/span><\/h2>\n<h2><span><\/span><\/h2>\n<h2><span><\/span><\/h2>\n<h2><span>2. Informaci\u00f3n recabada<\/span><\/h2>\n<p><span>Recogemos diferentes tipos de datos personales a trav\u00e9s de formularios en l\u00ednea, correos electr\u00f3nicos y cookies, incluyendo pero no limit\u00e1ndose a:<\/span><\/p>\n<ul data-spread=\"false\">\n<li><span>Nombre y apellidos<\/span><\/li>\n<li><span>Direcci\u00f3n de correo electr\u00f3nico<\/span><\/li>\n<li><span>N\u00famero de tel\u00e9fono<\/span><\/li>\n<li><span>Direcci\u00f3n postal<\/span><\/li>\n<li><span>Direcci\u00f3n IP y h\u00e1bitos de navegaci\u00f3n<\/span><\/li>\n<\/ul>\n<h2><span><\/span><\/h2>\n<p><span><\/span><\/p>\n<h2><span><\/span><\/h2>\n<h2><span><\/span><\/h2>\n<h2><span><\/span><\/h2>\n<h2><span><\/span><\/h2>\n<h2><span>3. Finalidades del tratamiento<\/span><\/h2>\n<p><span>La informaci\u00f3n recabada ser\u00e1 utilizada para las siguientes finalidades:<\/span><\/p>\n<ul data-spread=\"false\">\n<li><span>Gestionar la relaci\u00f3n comercial y responder a consultas o solicitudes de informaci\u00f3n.<\/span><\/li>\n<li><span>Enviar comunicaciones comerciales, siempre que se haya dado el consentimiento previo.<\/span><\/li>\n<li><span>Gestionar las solicitudes recibidas a trav\u00e9s de los formularios del sitio web.<\/span><\/li>\n<li><span>Mejorar la experiencia del usuario y ofrecer un mejor servicio.<\/span><\/li>\n<\/ul>\n<h2><span><\/span><\/h2>\n<h2><span><\/span><\/h2>\n<h2><span><\/span><\/h2>\n<h2><span>4. Base legal del tratamiento<\/span><\/h2>\n<p><span>El tratamiento de los datos personales se realiza en base a:<\/span><\/p>\n<ul data-spread=\"false\">\n<li><span>El consentimiento expreso del interesado.<\/span><\/li>\n<li><span>La ejecuci\u00f3n de un contrato en el que el interesado es parte.<\/span><\/li>\n<li><span>El cumplimiento de obligaciones legales aplicables al responsable del tratamiento.<\/span><\/li>\n<\/ul>\n<h2><span><\/span><\/h2>\n<h2><span><\/span><\/h2>\n<h2><span><\/span><\/h2>\n<h2><span><\/span><\/h2>\n<h2><span>5. Derechos de los usuarios<\/span><\/h2>\n<p><span>Los usuarios pueden ejercer los siguientes derechos:<\/span><\/p>\n<ul data-spread=\"false\">\n<li><span>Derecho de acceso, rectificaci\u00f3n, cancelaci\u00f3n y oposici\u00f3n.<\/span><\/li>\n<li><span>Derecho a la portabilidad de los datos.<\/span><\/li>\n<li><span>Derecho a la limitaci\u00f3n del tratamiento.<\/span><\/li>\n<li><span>Derecho a retirar el consentimiento en cualquier momento.<\/span><\/li>\n<\/ul>\n<p><span>Para ejercer estos derechos, el usuario debe enviar una solicitud al correo electr\u00f3nico del responsable, indicando el derecho que desea ejercer y acreditando su identidad.<\/span><\/p>\n<h2><span><\/span><\/h2>\n<h2><span><\/span><\/h2>\n<h2><span><\/span><\/h2>\n<h2><span><\/span><\/h2>\n<h2><span>6. Destinatarios de los datos<\/span><\/h2>\n<p><span>Los datos personales no ser\u00e1n cedidos a terceros salvo obligaci\u00f3n legal o cuando sea necesario para la prestaci\u00f3n de un servicio solicitado por el usuario.<\/span><\/p>\n<h2><span><\/span><\/h2>\n<h2><span><\/span><\/h2>\n<h2><span><\/span><\/h2>\n<h2><span><\/span><\/h2>\n<h2><span>7. Medidas de seguridad<\/span><\/h2>\n<p><span>El titular ha adoptado las medidas t\u00e9cnicas y organizativas necesarias para garantizar la seguridad de los datos personales y evitar su alteraci\u00f3n, p\u00e9rdida, tratamiento o acceso no autorizado.<\/span><\/p>\n<h2><span><\/span><\/h2>\n<h2><span><\/span><\/h2>\n<h2><span><\/span><\/h2>\n<h2><span><\/span><\/h2>\n<h2><span><\/span><\/h2>\n<h2><span><\/span><\/h2>\n<h2><span>8. Reclamaci\u00f3n ante la autoridad de control<\/span><\/h2>\n<p><span>En caso de considerar que sus derechos han sido vulnerados, el usuario puede presentar una reclamaci\u00f3n ante la Agencia Espa\u00f1ola de Protecci\u00f3n de Datos (AEPD).<\/span><\/p>\n<p><span><strong>Fecha de \u00faltima actualizaci\u00f3n:<\/strong><\/span><span> [Fecha actual]<\/span><\/p>\n<p>[\/et_pb_text][\/et_pb_column][\/et_pb_row][\/et_pb_section][et_pb_section fb_built=\u00bb1&#8243; admin_label=\u00bbFooter\u00bb _builder_version=\u00bb4.20.0&#8243; _module_preset=\u00bbdefault\u00bb use_background_color_gradient=\u00bbon\u00bb background_color_gradient_stops=\u00bb#1e232b 0%|rgba(30,35,43,0.9) 100%\u00bb background_color_gradient_overlays_image=\u00bbon\u00bb background_image=\u00bbhttps:\/\/jmpasesoria.es\/wp-content\/uploads\/2025\/02\/paper-texture.jpg\u00bb saved_tabs=\u00bball\u00bb collapsed=\u00bbon\u00bb global_colors_info=\u00bb{}\u00bb][et_pb_row column_structure=\u00bb1_3,1_3,1_3&#8243; _builder_version=\u00bb4.20.0&#8243; _module_preset=\u00bbdefault\u00bb global_colors_info=\u00bb{}\u00bb][et_pb_column type=\u00bb1_3&#8243; _builder_version=\u00bb4.20.0&#8243; _module_preset=\u00bbdefault\u00bb global_colors_info=\u00bb{}\u00bb][et_pb_text _builder_version=\u00bb4.20.0&#8243; _module_preset=\u00bb1914cd70-7075-47c8-800f-56d22a089e37&#8243; text_orientation=\u00bbcenter\u00bb global_colors_info=\u00bb{%22gcid-11d3dbbb-f6dc-4fb8-929b-9d6994368d00%22:%91%22header_4_text_color%22%93}\u00bb]<\/p>\n<h4>Office Hours<\/h4>\n<p>[\/et_pb_text][et_pb_text _builder_version=\u00bb4.20.0&#8243; _module_preset=\u00bb49fa3aba-e5ee-4b43-80a7-9cf81613269e\u00bb text_text_color=\u00bb#FFFFFF\u00bb text_orientation=\u00bbcenter\u00bb custom_margin=\u00bb||10px||false|false\u00bb global_colors_info=\u00bb{}\u00bb]<\/p>\n<p>Daily &#8211; 9:30 am to 6:30 pm<\/p>\n<p>[\/et_pb_text][et_pb_text _builder_version=\u00bb4.20.0&#8243; _module_preset=\u00bb49fa3aba-e5ee-4b43-80a7-9cf81613269e\u00bb text_text_color=\u00bb#FFFFFF\u00bb text_orientation=\u00bbcenter\u00bb custom_margin=\u00bb||10px||false|false\u00bb global_colors_info=\u00bb{}\u00bb]<\/p>\n<p>Sunday &#8211; 08:00 am to 11:30 am<\/p>\n<p>[\/et_pb_text][et_pb_text _builder_version=\u00bb4.20.0&#8243; _module_preset=\u00bb49fa3aba-e5ee-4b43-80a7-9cf81613269e\u00bb text_text_color=\u00bb#FFFFFF\u00bb text_orientation=\u00bbcenter\u00bb custom_margin=\u00bb||10px||false|false\u00bb global_colors_info=\u00bb{}\u00bb]<\/p>\n<p>Holidays &#8211; 08:00 am to 3:00 pm<\/p>\n<p>[\/et_pb_text][\/et_pb_column][et_pb_column type=\u00bb1_3&#8243; _builder_version=\u00bb4.20.0&#8243; _module_preset=\u00bbdefault\u00bb global_colors_info=\u00bb{}\u00bb][et_pb_image src=\u00bbhttps:\/\/jmpasesoria.es\/wp-content\/uploads\/2025\/02\/divi-logo.png\u00bb title_text=\u00bbdivi-logo\u00bb align=\u00bbcenter\u00bb _builder_version=\u00bb4.20.0&#8243; _module_preset=\u00bbdefault\u00bb max_height=\u00bb80px\u00bb global_colors_info=\u00bb{}\u00bb][\/et_pb_image][et_pb_text _builder_version=\u00bb4.20.0&#8243; _module_preset=\u00bb1914cd70-7075-47c8-800f-56d22a089e37&#8243; header_4_text_color=\u00bb#FFFFFF\u00bb text_orientation=\u00bbcenter\u00bb global_colors_info=\u00bb{}\u00bb]<\/p>\n<h4>Divi attorney<\/h4>\n<p>[\/et_pb_text][\/et_pb_column][et_pb_column type=\u00bb1_3&#8243; _builder_version=\u00bb4.20.0&#8243; _module_preset=\u00bbdefault\u00bb global_colors_info=\u00bb{}\u00bb][et_pb_text _builder_version=\u00bb4.20.0&#8243; _module_preset=\u00bb1914cd70-7075-47c8-800f-56d22a089e37&#8243; text_orientation=\u00bbcenter\u00bb locked=\u00bboff\u00bb global_colors_info=\u00bb{%22gcid-11d3dbbb-f6dc-4fb8-929b-9d6994368d00%22:%91%22header_4_text_color%22%93}\u00bb]<\/p>\n<h4>Contact Info<\/h4>\n<p>[\/et_pb_text][et_pb_text _builder_version=\u00bb4.20.0&#8243; _module_preset=\u00bb49fa3aba-e5ee-4b43-80a7-9cf81613269e\u00bb text_text_color=\u00bb#FFFFFF\u00bb link_text_color=\u00bb#FFFFFF\u00bb text_orientation=\u00bbcenter\u00bb locked=\u00bboff\u00bb global_colors_info=\u00bb{}\u00bb]<\/p>\n<p>1234 Divi St. #1000, San Francisco, CA 94220<\/p>\n<p>[\/et_pb_text][et_pb_text _builder_version=\u00bb4.20.0&#8243; _module_preset=\u00bb49fa3aba-e5ee-4b43-80a7-9cf81613269e\u00bb text_text_color=\u00bb#FFFFFF\u00bb link_text_color=\u00bb#FFFFFF\u00bb text_orientation=\u00bbcenter\u00bb custom_margin=\u00bb||10px||false|false\u00bb locked=\u00bboff\u00bb global_colors_info=\u00bb{}\u00bb]<\/p>\n<p>(255) 352-6258<\/p>\n<p>[\/et_pb_text][et_pb_text _builder_version=\u00bb4.20.0&#8243; _module_preset=\u00bb49fa3aba-e5ee-4b43-80a7-9cf81613269e\u00bb text_text_color=\u00bb#FFFFFF\u00bb link_text_color=\u00bb#FFFFFF\u00bb text_orientation=\u00bbcenter\u00bb custom_margin=\u00bb||10px||false|false\u00bb locked=\u00bboff\u00bb global_colors_info=\u00bb{}\u00bb]<a href=\"mailto:#\">hello@diviattorney.com<\/a>[\/et_pb_text][\/et_pb_column][\/et_pb_row][et_pb_row _builder_version=\u00bb4.20.0&#8243; _module_preset=\u00bbdefault\u00bb custom_padding=\u00bb0px||0px||true|\u00bb global_colors_info=\u00bb{}\u00bb][et_pb_column type=\u00bb4_4&#8243; _builder_version=\u00bb4.20.0&#8243; _module_preset=\u00bbdefault\u00bb global_colors_info=\u00bb{}\u00bb][et_pb_social_media_follow icon_color=\u00bb#000000&#8243; _builder_version=\u00bb4.20.0&#8243; _module_preset=\u00bbdefault\u00bb text_orientation=\u00bbcenter\u00bb custom_margin=\u00bb||||false|false\u00bb border_radii=\u00bbon|100px|100px|100px|100px\u00bb locked=\u00bboff\u00bb global_colors_info=\u00bb{}\u00bb][et_pb_social_media_follow_network social_network=\u00bbfacebook\u00bb _builder_version=\u00bb4.20.0&#8243; _module_preset=\u00bbdefault\u00bb background_color=\u00bbgcid-11d3dbbb-f6dc-4fb8-929b-9d6994368d00&#8243; background_enable_color=\u00bbon\u00bb custom_padding=\u00bb8px|8px|8px|8px|true|true\u00bb global_colors_info=\u00bb{%22gcid-11d3dbbb-f6dc-4fb8-929b-9d6994368d00%22:%91%22background_color%22%93}\u00bb follow_button=\u00bboff\u00bb url_new_window=\u00bbon\u00bb]facebook[\/et_pb_social_media_follow_network][et_pb_social_media_follow_network social_network=\u00bbtwitter\u00bb _builder_version=\u00bb4.20.0&#8243; _module_preset=\u00bbdefault\u00bb background_color=\u00bbgcid-11d3dbbb-f6dc-4fb8-929b-9d6994368d00&#8243; background_enable_color=\u00bbon\u00bb custom_padding=\u00bb8px|8px|8px|8px|true|true\u00bb global_colors_info=\u00bb{%22gcid-11d3dbbb-f6dc-4fb8-929b-9d6994368d00%22:%91%22background_color%22%93}\u00bb follow_button=\u00bboff\u00bb url_new_window=\u00bbon\u00bb]twitter[\/et_pb_social_media_follow_network][et_pb_social_media_follow_network social_network=\u00bbinstagram\u00bb _builder_version=\u00bb4.20.0&#8243; _module_preset=\u00bbdefault\u00bb background_color=\u00bbgcid-11d3dbbb-f6dc-4fb8-929b-9d6994368d00&#8243; background_enable_color=\u00bbon\u00bb custom_padding=\u00bb8px|8px|8px|8px|true|true\u00bb global_colors_info=\u00bb{%22gcid-11d3dbbb-f6dc-4fb8-929b-9d6994368d00%22:%91%22background_color%22%93}\u00bb follow_button=\u00bboff\u00bb url_new_window=\u00bbon\u00bb]instagram[\/et_pb_social_media_follow_network][\/et_pb_social_media_follow][et_pb_divider color=\u00bbgcid-11d3dbbb-f6dc-4fb8-929b-9d6994368d00&#8243; _builder_version=\u00bb4.20.0&#8243; _module_preset=\u00bbdefault\u00bb custom_margin=\u00bb||0px||false|false\u00bb global_colors_info=\u00bb{%22gcid-11d3dbbb-f6dc-4fb8-929b-9d6994368d00%22:%91%22color%22%93}\u00bb][\/et_pb_divider][et_pb_text _builder_version=\u00bb4.20.0&#8243; _dynamic_attributes=\u00bbcontent\u00bb _module_preset=\u00bb8a20dfda-1e05-4770-a98c-d7eaaddfb079&#8243; text_text_color=\u00bb#FFFFFF\u00bb text_orientation=\u00bbcenter\u00bb locked=\u00bboff\u00bb global_colors_info=\u00bb{}\u00bb]@ET-DC@eyJkeW5hbWljIjp0cnVlLCJjb250ZW50IjoiY3VycmVudF9kYXRlIiwic2V0dGluZ3MiOnsiYmVmb3JlIjoiQ29weXJpZ2h0ICZjb3B5OyAiLCJhZnRlciI6IiBEaXZpLiBBbGwgUmlnaHRzIFJlc2VydmVkLiIsImRhdGVfZm9ybWF0IjoiY3VzdG9tIiwiY3VzdG9tX2RhdGVfZm9ybWF0IjoiWSJ9fQ==@[\/et_pb_text][\/et_pb_column][\/et_pb_row][\/et_pb_section]<\/p>","protected":false},"excerpt":{"rendered":"<p>Pol\u00edtica de privacidad\ud83d\udd10 POL\u00cdTICA DE PRIVACIDAD 1. Responsable del tratamiento Nombre: Jos\u00e9 Manuel P\u00e9rez AlonsoNIF: 09265607BDomicilio: [Direcci\u00f3n de la empresa]Correo electr\u00f3nico: [Correo electr\u00f3nico de contacto]Tel\u00e9fono de contacto: [N\u00famero de tel\u00e9fono]Web: www.jmpasesoria.es 2. Informaci\u00f3n recabada Recogemos diferentes tipos de datos personales a trav\u00e9s de formularios en l\u00ednea, correos electr\u00f3nicos y cookies, incluyendo pero no limit\u00e1ndose a: [&hellip;]<\/p>","protected":false},"author":1,"featured_media":0,"parent":0,"menu_order":0,"comment_status":"closed","ping_status":"closed","template":"","meta":{"_et_pb_use_builder":"on","_et_pb_old_content":"","_et_gb_content_width":"","footnotes":""},"class_list":["post-74","page","type-page","status-publish","hentry"],"_links":{"self":[{"href":"https:\/\/jmpasesoria.es\/en\/wp-json\/wp\/v2\/pages\/74","targetHints":{"allow":["GET"]}}],"collection":[{"href":"https:\/\/jmpasesoria.es\/en\/wp-json\/wp\/v2\/pages"}],"about":[{"href":"https:\/\/jmpasesoria.es\/en\/wp-json\/wp\/v2\/types\/page"}],"author":[{"embeddable":true,"href":"https:\/\/jmpasesoria.es\/en\/wp-json\/wp\/v2\/users\/1"}],"replies":[{"embeddable":true,"href":"https:\/\/jmpasesoria.es\/en\/wp-json\/wp\/v2\/comments?post=74"}],"version-history":[{"count":3,"href":"https:\/\/jmpasesoria.es\/en\/wp-json\/wp\/v2\/pages\/74\/revisions"}],"predecessor-version":[{"id":91,"href":"https:\/\/jmpasesoria.es\/en\/wp-json\/wp\/v2\/pages\/74\/revisions\/91"}],"wp:attachment":[{"href":"https:\/\/jmpasesoria.es\/en\/wp-json\/wp\/v2\/media?parent=74"}],"curies":[{"name":"wp","href":"https:\/\/api.w.org\/{rel}","templated":true}]}}